{"id":41,"date":"2017-07-25T11:17:32","date_gmt":"2017-07-25T09:17:32","guid":{"rendered":"http:\/\/www.fewo-breckerfeld.de\/deutsch\/?page_id=41"},"modified":"2018-08-16T14:09:20","modified_gmt":"2018-08-16T12:09:20","slug":"anreise-route","status":"publish","type":"page","link":"https:\/\/www.fewo-breckerfeld.de\/nl\/anreise-route\/","title":{"rendered":"Route"},"content":{"rendered":"<p>Breckerfeld ligt aan de L528 tussen Hagen en Halver. De Gl\u00f6rtalsperre aan de K10 tussen Breckerfeld en Schalksm\u00fchle<br \/>\nAanreizen over de A45 uit richting Dortmund: afrit Hagen-S\u00fcd, richting Breckerfeld.<\/p>\n<p>Aanreizen over de A45 uit richting Frankfurt: afrit L\u00fcdenscheid-Nord, richting Schalksm\u00fchle \u2013 Breckerfeld<\/p>\n<p>Iedere gast krijgt bij boeking een preciese routebeschrijving per email toegestuurd.<\/p>\n<p>Karte:<br \/>\n<iframe loading=\"lazy\" src=\"https:\/\/www.google.com\/maps\/embed?pb=!1m14!1m8!1m3!1d9990.9725556404!2d7.4855933!3d51.2422253!3m2!1i1024!2i768!4f13.1!3m3!1m2!1s0x47b930d18bf55155%3A0xdbd2df533803487c!2sFerienwohnung+%22Gl%C3%B6rtal%22!5e0!3m2!1sde!2sde!4v1534421216589\" width=\"600\" height=\"450\" frameborder=\"0\" style=\"border:0\" allowfullscreen><\/iframe><\/p>\n","protected":false},"excerpt":{"rendered":"<p>Breckerfeld ligt aan de L528 tussen Hagen en Halver. De Gl\u00f6rtalsperre aan de K10 tussen Breckerfeld en Schalksm\u00fchle Aanreizen over de A45 uit richting Dortmund: afrit Hagen-S\u00fcd, richting Breckerfeld. Aanreizen [&hellip;]<\/p>\n","protected":false},"author":1,"featured_media":0,"parent":0,"menu_order":0,"comment_status":"closed","ping_status":"closed","template":"","meta":[],"translation":{"provider":"WPGlobus","version":"2.10.7","language":"nl","enabled_languages":["de","nl"],"languages":{"de":{"title":true,"content":true,"excerpt":false},"nl":{"title":true,"content":true,"excerpt":false}}},"aioseo_notices":[],"_links":{"self":[{"href":"https:\/\/www.fewo-breckerfeld.de\/nl\/wp-json\/wp\/v2\/pages\/41"}],"collection":[{"href":"https:\/\/www.fewo-breckerfeld.de\/nl\/wp-json\/wp\/v2\/pages"}],"about":[{"href":"https:\/\/www.fewo-breckerfeld.de\/nl\/wp-json\/wp\/v2\/types\/page"}],"author":[{"embeddable":true,"href":"https:\/\/www.fewo-breckerfeld.de\/nl\/wp-json\/wp\/v2\/users\/1"}],"replies":[{"embeddable":true,"href":"https:\/\/www.fewo-breckerfeld.de\/nl\/wp-json\/wp\/v2\/comments?post=41"}],"version-history":[{"count":9,"href":"https:\/\/www.fewo-breckerfeld.de\/nl\/wp-json\/wp\/v2\/pages\/41\/revisions"}],"predecessor-version":[{"id":640,"href":"https:\/\/www.fewo-breckerfeld.de\/nl\/wp-json\/wp\/v2\/pages\/41\/revisions\/640"}],"wp:attachment":[{"href":"https:\/\/www.fewo-breckerfeld.de\/nl\/wp-json\/wp\/v2\/media?parent=41"}],"curies":[{"name":"wp","href":"https:\/\/api.w.org\/{rel}","templated":true}]}}